{"id":7409,"date":"2023-01-20T19:19:15","date_gmt":"2023-01-20T19:19:15","guid":{"rendered":"https:\/\/bentemperato.com\/?page_id=7409"},"modified":"2023-01-20T23:00:35","modified_gmt":"2023-01-20T23:00:35","slug":"eventos-anteriores","status":"publish","type":"page","link":"https:\/\/bentemperato.com\/index.php\/eventos-anteriores\/","title":{"rendered":"Eventos Anteriores"},"content":{"rendered":"\t\t<div data-elementor-type=\"wp-page\" data-elementor-id=\"7409\" class=\"elementor elementor-7409\">\n\t\t\t\t\t\t<section class=\"elementor-section elementor-top-section elementor-element elementor-element-ddf9477 elementor-section-boxed elementor-section-height-default elementor-section-height-default\" data-id=\"ddf9477\" data-element_type=\"section\">\n\t\t\t\t\t\t<div class=\"elementor-container elementor-column-gap-default\">\n\t\t\t\t\t<div class=\"elementor-column elementor-col-100 elementor-top-column elementor-element elementor-element-9b0437d\" data-id=\"9b0437d\" data-element_type=\"column\">\n\t\t\t<div class=\"elementor-widget-wrap elementor-element-populated\">\n\t\t\t\t\t\t<div class=\"elementor-element elementor-element-35e793f elementor-widget elementor-widget-heading\" data-id=\"35e793f\" data-element_type=\"widget\" data-widget_type=\"heading.default\">\n\t\t\t\t<div class=\"elementor-widget-container\">\n\t\t\t\t\t<h1 class=\"elementor-heading-title elementor-size-default\">EVENTOS 2022<\/h1>\t\t\t\t<\/div>\n\t\t\t\t<\/div>\n\t\t\t\t<div class=\"elementor-element elementor-element-95a5ea9 elementor-widget elementor-widget-eael-adv-tabs\" data-id=\"95a5ea9\" data-element_type=\"widget\" data-widget_type=\"eael-adv-tabs.default\">\n\t\t\t\t<div class=\"elementor-widget-container\">\n\t\t\t\t\t        <div data-scroll-on-click=\"no\" data-scroll-speed=\"300\" id=\"eael-advance-tabs-95a5ea9\" class=\"eael-advance-tabs eael-tabs-horizontal eael-tab-auto-active \" data-tabid=\"95a5ea9\">\n            <div class=\"eael-tabs-nav\">\n                <ul class=\"eael-tab-inline-icon\" role=\"tablist\">\n                                            <li id=\"las-cuatro-estaciones-de-vivaldi-2022\" class=\"inactive eael-tab-item-trigger eael-tab-nav-item\" aria-selected=\"true\" data-tab=\"1\" role=\"tab\" tabindex=\"0\" aria-controls=\"las-cuatro-estaciones-de-vivaldi-2022-tab\" aria-expanded=\"false\">\n                            \n                                                                <i class=\"fas fa-music\"><\/i>                                                            \n                                                            <span class=\"eael-tab-title title-after-icon\" >Las cuatro estaciones de Vivaldi 2022<\/span>                            \n                                                    <\/li>\n                                            <li id=\"concierto-alumnos-2022\" class=\" eael-tab-item-trigger eael-tab-nav-item\" aria-selected=\"false\" data-tab=\"2\" role=\"tab\" tabindex=\"-1\" aria-controls=\"concierto-alumnos-2022-tab\" aria-expanded=\"false\">\n                            \n                                                                <i class=\"fas fa-icons\"><\/i>                                                            \n                                                            <span class=\"eael-tab-title title-after-icon\" >Concierto Alumnos 2022<\/span>                            \n                                                    <\/li>\n                                            <li id=\"concierto-alegra-2022\" class=\"inactive eael-tab-item-trigger eael-tab-nav-item\" aria-selected=\"false\" data-tab=\"3\" role=\"tab\" tabindex=\"-1\" aria-controls=\"concierto-alegra-2022-tab\" aria-expanded=\"false\">\n                            \n                                                                <i class=\"fas fa-music\"><\/i>                                                            \n                                                            <span class=\"eael-tab-title title-after-icon\" >Concierto Alegr\u00eda 2022<\/span>                            \n                                                    <\/li>\n                                    <\/ul>\n            <\/div>\n            \n            <div class=\"eael-tabs-content\">\n\t\t        \n                    <div id=\"las-cuatro-estaciones-de-vivaldi-2022-tab\" class=\"clearfix eael-tab-content-item inactive\" data-title-link=\"las-cuatro-estaciones-de-vivaldi-2022-tab\">\n\t\t\t\t        <img decoding=\"async\" src=\"https:\/\/bentemperato.com\/wp-content\/uploads\/2022\/07\/concierto-2sept.jpg\" \/>\nEl viol\u00edn, la orquesta y la poes\u00eda se entrelazan con la imponente arquitectura de la Hacienda de Chiconcuac, para brindarle al espectador una experiencia inigualable, la cual inicia con un recorrido por la Hacienda (15 min.), un paseo por sus riachuelos, salas y jardines hasta llegar la Antiguo Teatro, hoy Capilla consagrada, donde se disfrutar\u00e1 del concierto. Al t\u00e9rmino de la interpretaci\u00f3n musical \u2013 que se mezcla con los sonetos que acompa\u00f1an a la partitura original de Vivaldi \u2013 se podr\u00e1 degustar una copa de vino, cortes\u00eda de Ben Temperato Producciones para celebrar juntos el momento.\n<br><br>\n\n<strong>ENSAMBLE<\/strong>\n<br>\n\u00b7 Fernando Vizcayno &#8211; Viol\u00edn Solista. Ver Semblanza.\n<br>\n\u00b7 Ahmed Castro &#8211; Violoncello. Ver Semblanza.\n<br>\n\u00b7 Judith Alejandra &#8211; Pianista. Ver Semblanza.\n<br>\n\u00b7 Pamela Ripley &#8211; Violinista. Ver Semblanza.\n<br>\n\u00b7 Kevin Vel\u00e1zquez &#8211; Violinista. Ver Semblanza.\n<br>\n\u00b7 Gabriela Rubio &#8211; Presentadora. Ver Semblanza.\n<br><br>\n<iframe width=\"560\" height=\"315\" src=\"https:\/\/www.youtube.com\/embed\/LhEe1eU0uXM\" title=\"YouTube video player\" frameborder=\"0\" allow=\"accelerometer; autoplay; clipboard-write; encrypted-media; gyroscope; picture-in-picture; web-share\" allowfullscreen><\/iframe>                    <\/div>\n\t\t        \n                    <div id=\"concierto-alumnos-2022-tab\" class=\"clearfix eael-tab-content-item \" data-title-link=\"concierto-alumnos-2022-tab\">\n\t\t\t\t        <img decoding=\"async\" src=\"https:\/\/bentemperato.com\/wp-content\/uploads\/2023\/01\/foto_grupal_insta-copia.jpg\">\nBen Temperato comprometido con la Educaci\u00f3n Musical, tiene el orgullo de presentar a los alumnos de viol\u00edn en el recital anual de alumnos.\n<br><br>\n<iframe width=\"560\" height=\"315\" src=\"https:\/\/www.youtube.com\/embed\/sbU8GvmdK80\" title=\"YouTube video player\" frameborder=\"0\" allow=\"accelerometer; autoplay; clipboard-write; encrypted-media; gyroscope; picture-in-picture; web-share\" allowfullscreen><\/iframe>                    <\/div>\n\t\t        \n                    <div id=\"concierto-alegra-2022-tab\" class=\"clearfix eael-tab-content-item inactive\" data-title-link=\"concierto-alegra-2022-tab\">\n\t\t\t\t        <img decoding=\"async\" src=\"https:\/\/bentemperato.com\/wp-content\/uploads\/2022\/11\/imagen_digital.png\">\nEl canto, la orquesta y la poes\u00eda se entrelazan con la imponente arquitectura de la Hacienda de Chiconcuac, para brindarle al espectador una experiencia art\u00edstica inigualable. Iniciaremos 6:00pm con un recorrido guiado por la hacienda (opcional). Conoce un poco de su historia y vive el arte con Ben Temperato Producciones.\n\nLa destacada soprano Joyce D\u00edaz bajo el acompa\u00f1amiento musical del Ensamble Ben Temperato, interpretar\u00e1n hermosas piezas musicales que los grandes compositores han dedicado a la temporada navide\u00f1a. M\u00fasica de Corelli, Haendel y Adams, entre otros, le har\u00e1n vivir la alegr\u00eda de la Navidad.\n<br><br>\n\n<strong>ENSAMBLE<\/strong>\n<br>\n\u00b7 Fernando Vizcayno &#8211; Viol\u00edn Solista. Ver Semblanza.\n<br>\n\u00b7 Ahmed Castro &#8211; Violoncello. Ver Semblanza.\n<br>\n\u00b7 Judith Alejandra &#8211; Pianista. Ver Semblanza.\n<br>\n\u00b7 Pamela Ripley &#8211; Violinista. Ver Semblanza.\n<br>\n\u00b7 Kevin Vel\u00e1zquez &#8211; Violinista. Ver Semblanza.\n<br>\n\u00b7 Gabriela Rubio &#8211; Presentadora. Ver Semblanza.\n<br><br>\n<iframe width=\"560\" height=\"315\" src=\"https:\/\/www.youtube.com\/embed\/YCvO_kXD78I\" title=\"YouTube video player\" frameborder=\"0\" allow=\"accelerometer; autoplay; clipboard-write; encrypted-media; gyroscope; picture-in-picture; web-share\" allowfullscreen><\/iframe>                    <\/div>\n\t\t                    <\/div>\n        <\/div>\n\t\t\t\t<\/div>\n\t\t\t\t<\/div>\n\t\t\t\t\t<\/div>\n\t\t<\/div>\n\t\t\t\t\t<\/div>\n\t\t<\/section>\n\t\t\t\t<\/div>\n\t\t","protected":false},"excerpt":{"rendered":"<p>EVENTOS 2022 Las cuatro estaciones de Vivaldi 2022 Concierto Alumnos 2022 Concierto Alegr\u00eda 2022 El viol\u00edn, la orquesta y la poes\u00eda se entrelazan con la imponente arquitectura de la Hacienda &hellip; <\/p>\n<p class=\"link-more\"><a href=\"https:\/\/bentemperato.com\/index.php\/eventos-anteriores\/\" class=\"more-link\">Leer m\u00e1s<span class=\"screen-reader-text\"> \u00abEventos Anteriores\u00bb<\/span><\/a><\/p>\n","protected":false},"author":1,"featured_media":0,"parent":0,"menu_order":0,"comment_status":"closed","ping_status":"closed","template":"","meta":{"om_disable_all_campaigns":false,"_monsterinsights_skip_tracking":false,"_monsterinsights_sitenote_active":false,"_monsterinsights_sitenote_note":"","_monsterinsights_sitenote_category":0,"_price":"","_stock":"","_tribe_ticket_header":"","_tribe_default_ticket_provider":"","_tribe_ticket_capacity":"0","_ticket_start_date":"","_ticket_end_date":"","_tribe_ticket_show_description":"","_tribe_ticket_show_not_going":false,"_tribe_ticket_use_global_stock":"","_tribe_ticket_global_stock_level":"","_global_stock_mode":"","_global_stock_cap":"","_tribe_rsvp_for_event":"","_tribe_ticket_going_count":"","_tribe_ticket_not_going_count":"","_tribe_tickets_list":"[]","_tribe_ticket_has_attendee_info_fields":false,"footnotes":"","_tec_slr_enabled":"","_tec_slr_layout":""},"class_list":["post-7409","page","type-page","status-publish","hentry"],"aioseo_notices":[],"jetpack_sharing_enabled":true,"featured_media_urls":[],"ticketed":false,"_links":{"self":[{"href":"https:\/\/bentemperato.com\/index.php\/wp-json\/wp\/v2\/pages\/7409","targetHints":{"allow":["GET"]}}],"collection":[{"href":"https:\/\/bentemperato.com\/index.php\/wp-json\/wp\/v2\/pages"}],"about":[{"href":"https:\/\/bentemperato.com\/index.php\/wp-json\/wp\/v2\/types\/page"}],"author":[{"embeddable":true,"href":"https:\/\/bentemperato.com\/index.php\/wp-json\/wp\/v2\/users\/1"}],"replies":[{"embeddable":true,"href":"https:\/\/bentemperato.com\/index.php\/wp-json\/wp\/v2\/comments?post=7409"}],"version-history":[{"count":29,"href":"https:\/\/bentemperato.com\/index.php\/wp-json\/wp\/v2\/pages\/7409\/revisions"}],"predecessor-version":[{"id":7446,"href":"https:\/\/bentemperato.com\/index.php\/wp-json\/wp\/v2\/pages\/7409\/revisions\/7446"}],"wp:attachment":[{"href":"https:\/\/bentemperato.com\/index.php\/wp-json\/wp\/v2\/media?parent=7409"}],"curies":[{"name":"wp","href":"https:\/\/api.w.org\/{rel}","templated":true}]}}