{"id":5592,"date":"2016-12-05T09:17:34","date_gmt":"2016-12-05T09:17:34","guid":{"rendered":"http:\/\/demo.wpzoom.com\/inspiro\/?page_id=5592"},"modified":"2023-01-20T22:39:13","modified_gmt":"2023-01-20T22:39:13","slug":"nosotros","status":"publish","type":"page","link":"https:\/\/bentemperato.com\/index.php\/nosotros\/","title":{"rendered":"Nosotros"},"content":{"rendered":"\t\t<div data-elementor-type=\"wp-page\" data-elementor-id=\"5592\" class=\"elementor elementor-5592\">\n\t\t\t\t\t\t<section class=\"elementor-section elementor-top-section elementor-element elementor-element-6dd5e545 elementor-section-boxed elementor-section-height-default elementor-section-height-default\" data-id=\"6dd5e545\" data-element_type=\"section\">\n\t\t\t\t\t\t<div class=\"elementor-container elementor-column-gap-no\">\n\t\t\t\t\t<div class=\"elementor-column elementor-col-100 elementor-top-column elementor-element elementor-element-35934f08\" data-id=\"35934f08\" data-element_type=\"column\">\n\t\t\t<div class=\"elementor-widget-wrap elementor-element-populated\">\n\t\t\t\t\t\t<div class=\"elementor-element elementor-element-89ab21a elementor-widget elementor-widget-image\" data-id=\"89ab21a\" data-element_type=\"widget\" data-widget_type=\"image.default\">\n\t\t\t\t<div class=\"elementor-widget-container\">\n\t\t\t\t\t\t\t\t\t\t\t\t\t\t\t<img fetchpriority=\"high\" decoding=\"async\" width=\"2500\" height=\"1668\" src=\"https:\/\/bentemperato.com\/wp-content\/uploads\/2022\/08\/about_cover_wp.jpg\" class=\"attachment-full size-full wp-image-7076\" alt=\"\" srcset=\"https:\/\/bentemperato.com\/wp-content\/uploads\/2022\/08\/about_cover_wp.jpg 2500w, https:\/\/bentemperato.com\/wp-content\/uploads\/2022\/08\/about_cover_wp-300x200.jpg 300w, https:\/\/bentemperato.com\/wp-content\/uploads\/2022\/08\/about_cover_wp-1024x683.jpg 1024w, https:\/\/bentemperato.com\/wp-content\/uploads\/2022\/08\/about_cover_wp-768x512.jpg 768w, https:\/\/bentemperato.com\/wp-content\/uploads\/2022\/08\/about_cover_wp-1536x1025.jpg 1536w, https:\/\/bentemperato.com\/wp-content\/uploads\/2022\/08\/about_cover_wp-2048x1366.jpg 2048w, https:\/\/bentemperato.com\/wp-content\/uploads\/2022\/08\/about_cover_wp-2000x1334.jpg 2000w, https:\/\/bentemperato.com\/wp-content\/uploads\/2022\/08\/about_cover_wp-1320x881.jpg 1320w, https:\/\/bentemperato.com\/wp-content\/uploads\/2022\/08\/about_cover_wp-600x400.jpg 600w\" sizes=\"100vw\" \/>\t\t\t\t\t\t\t\t\t\t\t\t\t\t\t<\/div>\n\t\t\t\t<\/div>\n\t\t\t\t<section class=\"elementor-section elementor-inner-section elementor-element elementor-element-7a19ee1 elementor-section-full_width elementor-section-height-default elementor-section-height-default\" data-id=\"7a19ee1\" data-element_type=\"section\">\n\t\t\t\t\t\t<div class=\"elementor-container elementor-column-gap-no\">\n\t\t\t\t\t<div class=\"elementor-column elementor-col-100 elementor-inner-column elementor-element elementor-element-371c4441\" data-id=\"371c4441\" data-element_type=\"column\">\n\t\t\t<div class=\"elementor-widget-wrap elementor-element-populated\">\n\t\t\t\t\t\t<div class=\"elementor-element elementor-element-14e4796c elementor-widget elementor-widget-text-editor\" data-id=\"14e4796c\" data-element_type=\"widget\" data-widget_type=\"text-editor.default\">\n\t\t\t\t<div class=\"elementor-widget-container\">\n\t\t\t\t\t\t\t\t\t<p>Ben Temperato Producciones es una empresa que mas que conciertos crea espect\u00e1culos. Cada uno de nuestros espect\u00e1culos tiene un dise\u00f1o \u00fanico, ofrecemos a nuestro publico una valiosa experiencia.<\/p><p>Nuestra actividad va mas all\u00e1 del entretenimiento es cultura para todos. Promueve la creaci\u00f3n de nuevos recintos, nuevas maneras de apreciar la m\u00fasica.<\/p><p>Ben Temperato \u00a0brinda oportunidades de desarrollo art\u00edstico \u00a0y promueve el talento regional y nacional. Con la mira siempre, en la calidad interpretativa.<\/p>\t\t\t\t\t\t\t\t<\/div>\n\t\t\t\t<\/div>\n\t\t\t\t<div class=\"elementor-element elementor-element-69f4b5a8 elementor-align-center elementor-widget elementor-widget-button\" data-id=\"69f4b5a8\" data-element_type=\"widget\" data-widget_type=\"button.default\">\n\t\t\t\t<div class=\"elementor-widget-container\">\n\t\t\t\t\t\t\t\t\t<div class=\"elementor-button-wrapper\">\n\t\t\t\t\t<a class=\"elementor-button elementor-button-link elementor-size-md\" href=\"https:\/\/bentemperato.com\/index.php\/events\/\">\n\t\t\t\t\t\t<span class=\"elementor-button-content-wrapper\">\n\t\t\t\t\t\t\t\t\t<span class=\"elementor-button-text\">NUESTROS PR\u00d3XIMOS EVENTOS<\/span>\n\t\t\t\t\t<\/span>\n\t\t\t\t\t<\/a>\n\t\t\t\t<\/div>\n\t\t\t\t\t\t\t\t<\/div>\n\t\t\t\t<\/div>\n\t\t\t\t\t<\/div>\n\t\t<\/div>\n\t\t\t\t\t<\/div>\n\t\t<\/section>\n\t\t\t\t\t<\/div>\n\t\t<\/div>\n\t\t\t\t\t<\/div>\n\t\t<\/section>\n\t\t\t\t<section class=\"elementor-section elementor-top-section elementor-element elementor-element-79c23755 elementor-hidden-desktop elementor-hidden-tablet elementor-hidden-mobile elementor-section-boxed elementor-section-height-default elementor-section-height-default\" data-id=\"79c23755\" data-element_type=\"section\" data-settings=\"{&quot;background_background&quot;:&quot;classic&quot;}\">\n\t\t\t\t\t\t<div class=\"elementor-container elementor-column-gap-no\">\n\t\t\t\t\t<div class=\"elementor-column elementor-col-100 elementor-top-column elementor-element elementor-element-39e1062\" data-id=\"39e1062\" data-element_type=\"column\">\n\t\t\t<div class=\"elementor-widget-wrap elementor-element-populated\">\n\t\t\t\t\t\t<div class=\"elementor-element elementor-element-1794f4ed elementor-widget elementor-widget-heading\" data-id=\"1794f4ed\" data-element_type=\"widget\" data-widget_type=\"heading.default\">\n\t\t\t\t<div class=\"elementor-widget-container\">\n\t\t\t\t\t<h2 class=\"elementor-heading-title elementor-size-default\">ENSAMBLE<\/h2>\t\t\t\t<\/div>\n\t\t\t\t<\/div>\n\t\t\t\t\t<\/div>\n\t\t<\/div>\n\t\t\t\t\t<\/div>\n\t\t<\/section>\n\t\t\t\t<section class=\"elementor-section elementor-top-section elementor-element elementor-element-4809f5de elementor-hidden-desktop elementor-hidden-tablet elementor-hidden-mobile elementor-section-boxed elementor-section-height-default elementor-section-height-default\" data-id=\"4809f5de\" data-element_type=\"section\" data-settings=\"{&quot;background_background&quot;:&quot;classic&quot;}\">\n\t\t\t\t\t\t<div class=\"elementor-container elementor-column-gap-custom\">\n\t\t\t\t\t<div class=\"elementor-column elementor-col-33 elementor-top-column elementor-element elementor-element-10bff1a7\" data-id=\"10bff1a7\" data-element_type=\"column\">\n\t\t\t<div class=\"elementor-widget-wrap elementor-element-populated\">\n\t\t\t\t\t\t<div class=\"elementor-element elementor-element-8e0665c elementor-widget elementor-widget-wpzoom-elementor-addons-team-members\" data-id=\"8e0665c\" data-element_type=\"widget\" data-widget_type=\"wpzoom-elementor-addons-team-members.default\">\n\t\t\t\t<div class=\"elementor-widget-container\">\n\t\t\t\t\t\n\t\t\t\t\t<figure class=\"wpz-member-figure\">\n\t\t\t\t<img decoding=\"async\" width=\"819\" height=\"1024\" src=\"https:\/\/bentemperato.com\/wp-content\/uploads\/2022\/07\/WhatsApp-Image-2022-07-24-at-11.52.39-AM-819x1024.jpeg\" class=\"elementor-animation-disable-animation attachment-large size-large wp-image-6948\" alt=\"\" srcset=\"https:\/\/bentemperato.com\/wp-content\/uploads\/2022\/07\/WhatsApp-Image-2022-07-24-at-11.52.39-AM-819x1024.jpeg 819w, https:\/\/bentemperato.com\/wp-content\/uploads\/2022\/07\/WhatsApp-Image-2022-07-24-at-11.52.39-AM-240x300.jpeg 240w, https:\/\/bentemperato.com\/wp-content\/uploads\/2022\/07\/WhatsApp-Image-2022-07-24-at-11.52.39-AM-768x960.jpeg 768w, https:\/\/bentemperato.com\/wp-content\/uploads\/2022\/07\/WhatsApp-Image-2022-07-24-at-11.52.39-AM-1229x1536.jpeg 1229w, https:\/\/bentemperato.com\/wp-content\/uploads\/2022\/07\/WhatsApp-Image-2022-07-24-at-11.52.39-AM-600x750.jpeg 600w, https:\/\/bentemperato.com\/wp-content\/uploads\/2022\/07\/WhatsApp-Image-2022-07-24-at-11.52.39-AM.jpeg 1280w\" sizes=\"100vw\" \/>\t\t\t<\/figure>\n\t\t\n\t\t<div class=\"wpz-member-body\">\n\t\t\t<h2 class=\"wpz-member-name\">Fernando Vizcayno<\/h2>\n\t\t\t\t\t\t\t<div class=\"wpz-member-position\">violinista<\/div>\n\t\t\t\n\t\t\t\t\t\t\t<div class=\"wpz-member-bio\">\n\t\t\t\t\t<p>Ha tocado como solista con la Hartt Symphony Orchestra; Hartford Baroque Orchestra; Orquesta Sinf\u00f3nica de Universidad de Hidalgo; y Orquesta de C\u00e1mara de Morelos, por mencionar algunas.<\/p>\n\t\t\t\t<\/div>\n\t\t\t\n\t\t\t<a class=\"ha-btn ha-btn--link\" href=\"https:\/\/bentemperato.com\/wp-content\/uploads\/2022\/07\/fernando_vizcayno.pdf\" target=\"_blank\"><span class=\"ha-btn-text\">VER SEMBLANZA COMPLETA<\/span><\/a>\n\t\t\t\n\t\t\t\t\t<\/div>\n\t\t\t\t\t\t<\/div>\n\t\t\t\t<\/div>\n\t\t\t\t\t<\/div>\n\t\t<\/div>\n\t\t\t\t<div class=\"elementor-column elementor-col-33 elementor-top-column elementor-element elementor-element-38ec6c8\" data-id=\"38ec6c8\" data-element_type=\"column\">\n\t\t\t<div class=\"elementor-widget-wrap elementor-element-populated\">\n\t\t\t\t\t\t<div class=\"elementor-element elementor-element-4b9f7553 elementor-widget elementor-widget-wpzoom-elementor-addons-team-members\" data-id=\"4b9f7553\" data-element_type=\"widget\" data-widget_type=\"wpzoom-elementor-addons-team-members.default\">\n\t\t\t\t<div class=\"elementor-widget-container\">\n\t\t\t\t\t\n\t\t\t\t\t<figure class=\"wpz-member-figure\">\n\t\t\t\t<img decoding=\"async\" width=\"819\" height=\"1024\" src=\"https:\/\/bentemperato.com\/wp-content\/uploads\/2022\/07\/ahmed-819x1024.jpg\" class=\"elementor-animation-disable-animation attachment-large size-large wp-image-6951\" alt=\"\" srcset=\"https:\/\/bentemperato.com\/wp-content\/uploads\/2022\/07\/ahmed-819x1024.jpg 819w, https:\/\/bentemperato.com\/wp-content\/uploads\/2022\/07\/ahmed-240x300.jpg 240w, https:\/\/bentemperato.com\/wp-content\/uploads\/2022\/07\/ahmed-768x960.jpg 768w, https:\/\/bentemperato.com\/wp-content\/uploads\/2022\/07\/ahmed-1229x1536.jpg 1229w, https:\/\/bentemperato.com\/wp-content\/uploads\/2022\/07\/ahmed-600x750.jpg 600w, https:\/\/bentemperato.com\/wp-content\/uploads\/2022\/07\/ahmed.jpg 1280w\" sizes=\"100vw\" \/>\t\t\t<\/figure>\n\t\t\n\t\t<div class=\"wpz-member-body\">\n\t\t\t<h2 class=\"wpz-member-name\">Ahmed Castro Andraca<\/h2>\n\t\t\t\t\t\t\t<div class=\"wpz-member-position\">Violoncello<\/div>\n\t\t\t\n\t\t\t\t\t\t\t<div class=\"wpz-member-bio\">\n\t\t\t\t\t<p>Comenz\u00f3 sus estudios musicales a los 16 a\u00f1os en el Centro de Estudios Musicales Orquesta Juvenil de Tepoztl\u00e1n y estudi\u00f3 Licenciatura en m\u00fasica con especialidad en violoncello en el Centro Morelense de las Artes con el Mtro. Eric Owen Aguilar.<\/p>\n\t\t\t\t<\/div>\n\t\t\t\n\t\t\t<a class=\"ha-btn ha-btn--link\" href=\"https:\/\/bentemperato.com\/wp-content\/uploads\/2022\/07\/ahmed_castro.pdf\" target=\"_blank\"><span class=\"ha-btn-text\">VER SEMBLANZA COMPLETA<\/span><\/a>\n\t\t\t\n\t\t\t\t\t<\/div>\n\t\t\t\t\t\t<\/div>\n\t\t\t\t<\/div>\n\t\t\t\t\t<\/div>\n\t\t<\/div>\n\t\t\t\t<div class=\"elementor-column elementor-col-33 elementor-top-column elementor-element elementor-element-b0455b7\" data-id=\"b0455b7\" data-element_type=\"column\">\n\t\t\t<div class=\"elementor-widget-wrap elementor-element-populated\">\n\t\t\t\t\t\t<div class=\"elementor-element elementor-element-5b725c4e elementor-widget elementor-widget-wpzoom-elementor-addons-team-members\" data-id=\"5b725c4e\" data-element_type=\"widget\" data-widget_type=\"wpzoom-elementor-addons-team-members.default\">\n\t\t\t\t<div class=\"elementor-widget-container\">\n\t\t\t\t\t\n\t\t\t\t\t<figure class=\"wpz-member-figure\">\n\t\t\t\t<img loading=\"lazy\" decoding=\"async\" width=\"819\" height=\"1024\" src=\"https:\/\/bentemperato.com\/wp-content\/uploads\/2022\/07\/judith-819x1024.jpg\" class=\"elementor-animation-disable-animation attachment-large size-large wp-image-6953\" alt=\"\" srcset=\"https:\/\/bentemperato.com\/wp-content\/uploads\/2022\/07\/judith-819x1024.jpg 819w, https:\/\/bentemperato.com\/wp-content\/uploads\/2022\/07\/judith-240x300.jpg 240w, https:\/\/bentemperato.com\/wp-content\/uploads\/2022\/07\/judith-768x960.jpg 768w, https:\/\/bentemperato.com\/wp-content\/uploads\/2022\/07\/judith-1229x1536.jpg 1229w, https:\/\/bentemperato.com\/wp-content\/uploads\/2022\/07\/judith-600x750.jpg 600w, https:\/\/bentemperato.com\/wp-content\/uploads\/2022\/07\/judith.jpg 1280w\" sizes=\"100vw\" \/>\t\t\t<\/figure>\n\t\t\n\t\t<div class=\"wpz-member-body\">\n\t\t\t<h2 class=\"wpz-member-name\">Judith Alejandra<\/h2>\n\t\t\t\t\t\t\t<div class=\"wpz-member-position\">Pianista<\/div>\n\t\t\t\n\t\t\t\t\t\t\t<div class=\"wpz-member-bio\">\n\t\t\t\t\t<p>Compositora y pianista mexicana. Egresada de la Escuela Nacional de M\u00fasica hoy Facultad de M\u00fasica de la UNAM de las licenciaturas de Piano y Composici\u00f3n. Realiza su maestr\u00eda en Composici\u00f3n musical en la UNAM bajo la tutor\u00eda de la Dra. Gabriela Ort\u00edz. <\/p>\n\t\t\t\t<\/div>\n\t\t\t\n\t\t\t<a class=\"ha-btn ha-btn--link\" href=\"https:\/\/bentemperato.com\/wp-content\/uploads\/2022\/07\/judith_alejandra.pdf\" target=\"_blank\"><span class=\"ha-btn-text\">VER SEMBLANZA COMPLETA<\/span><\/a>\n\t\t\t\n\t\t\t\t\t<\/div>\n\t\t\t\t\t\t<\/div>\n\t\t\t\t<\/div>\n\t\t\t\t\t<\/div>\n\t\t<\/div>\n\t\t\t\t\t<\/div>\n\t\t<\/section>\n\t\t\t\t<section class=\"elementor-section elementor-top-section elementor-element elementor-element-50c677e elementor-hidden-desktop elementor-hidden-tablet elementor-hidden-mobile elementor-section-boxed elementor-section-height-default elementor-section-height-default\" data-id=\"50c677e\" data-element_type=\"section\" data-settings=\"{&quot;background_background&quot;:&quot;classic&quot;}\">\n\t\t\t\t\t\t<div class=\"elementor-container elementor-column-gap-custom\">\n\t\t\t\t\t<div class=\"elementor-column elementor-col-33 elementor-top-column elementor-element elementor-element-8aacbba\" data-id=\"8aacbba\" data-element_type=\"column\">\n\t\t\t<div class=\"elementor-widget-wrap elementor-element-populated\">\n\t\t\t\t\t\t<div class=\"elementor-element elementor-element-99e3e08 elementor-widget elementor-widget-wpzoom-elementor-addons-team-members\" data-id=\"99e3e08\" data-element_type=\"widget\" data-widget_type=\"wpzoom-elementor-addons-team-members.default\">\n\t\t\t\t<div class=\"elementor-widget-container\">\n\t\t\t\t\t\n\t\t\t\t\t<figure class=\"wpz-member-figure\">\n\t\t\t\t<img loading=\"lazy\" decoding=\"async\" width=\"819\" height=\"1024\" src=\"https:\/\/bentemperato.com\/wp-content\/uploads\/2022\/07\/pamela-819x1024.jpg\" class=\"elementor-animation-disable-animation attachment-large size-large wp-image-6954\" alt=\"\" srcset=\"https:\/\/bentemperato.com\/wp-content\/uploads\/2022\/07\/pamela-819x1024.jpg 819w, https:\/\/bentemperato.com\/wp-content\/uploads\/2022\/07\/pamela-240x300.jpg 240w, https:\/\/bentemperato.com\/wp-content\/uploads\/2022\/07\/pamela-768x960.jpg 768w, https:\/\/bentemperato.com\/wp-content\/uploads\/2022\/07\/pamela-1229x1536.jpg 1229w, https:\/\/bentemperato.com\/wp-content\/uploads\/2022\/07\/pamela-600x750.jpg 600w, https:\/\/bentemperato.com\/wp-content\/uploads\/2022\/07\/pamela.jpg 1280w\" sizes=\"100vw\" \/>\t\t\t<\/figure>\n\t\t\n\t\t<div class=\"wpz-member-body\">\n\t\t\t<h2 class=\"wpz-member-name\">Pamela Ripley<\/h2>\n\t\t\t\t\t\t\t<div class=\"wpz-member-position\">violinista<\/div>\n\t\t\t\n\t\t\t\t\t\t\t<div class=\"wpz-member-bio\">\n\t\t\t\t\t<p>Inicia sus estudios musicales en  la Universidad  La Salle de Cuernavaca. Posteriormente, obtiene el t\u00edtulo de la Licenciada en M\u00fasica en el Centro Morelense de las Artes, en la especialidad de Viol\u00edn,  bajo la tutela del maestro Balbi Cotter (primer viol\u00edn del Cuarteto de Bellas Artes), finalizando sus estudios en Diciembre del 2007.<\/p>\n\t\t\t\t<\/div>\n\t\t\t\n\t\t\t<a class=\"ha-btn ha-btn--link\" href=\"https:\/\/bentemperato.com\/wp-content\/uploads\/2022\/07\/pamela_ripley.pdf\" target=\"_blank\"><span class=\"ha-btn-text\">VER SEMBLANZA COMPLETA<\/span><\/a>\n\t\t\t\n\t\t\t\t\t<\/div>\n\t\t\t\t\t\t<\/div>\n\t\t\t\t<\/div>\n\t\t\t\t\t<\/div>\n\t\t<\/div>\n\t\t\t\t<div class=\"elementor-column elementor-col-33 elementor-top-column elementor-element elementor-element-d5b6278\" data-id=\"d5b6278\" data-element_type=\"column\">\n\t\t\t<div class=\"elementor-widget-wrap elementor-element-populated\">\n\t\t\t\t\t\t<div class=\"elementor-element elementor-element-6c63544 elementor-widget elementor-widget-wpzoom-elementor-addons-team-members\" data-id=\"6c63544\" data-element_type=\"widget\" data-widget_type=\"wpzoom-elementor-addons-team-members.default\">\n\t\t\t\t<div class=\"elementor-widget-container\">\n\t\t\t\t\t\n\t\t\t\t\t<figure class=\"wpz-member-figure\">\n\t\t\t\t<img loading=\"lazy\" decoding=\"async\" width=\"819\" height=\"1024\" src=\"https:\/\/bentemperato.com\/wp-content\/uploads\/2022\/07\/gabriela-819x1024.jpg\" class=\"elementor-animation-disable-animation attachment-large size-large wp-image-6952\" alt=\"\" srcset=\"https:\/\/bentemperato.com\/wp-content\/uploads\/2022\/07\/gabriela-819x1024.jpg 819w, https:\/\/bentemperato.com\/wp-content\/uploads\/2022\/07\/gabriela-240x300.jpg 240w, https:\/\/bentemperato.com\/wp-content\/uploads\/2022\/07\/gabriela-768x960.jpg 768w, https:\/\/bentemperato.com\/wp-content\/uploads\/2022\/07\/gabriela-1229x1536.jpg 1229w, https:\/\/bentemperato.com\/wp-content\/uploads\/2022\/07\/gabriela-600x750.jpg 600w, https:\/\/bentemperato.com\/wp-content\/uploads\/2022\/07\/gabriela.jpg 1280w\" sizes=\"100vw\" \/>\t\t\t<\/figure>\n\t\t\n\t\t<div class=\"wpz-member-body\">\n\t\t\t<h2 class=\"wpz-member-name\">Gabriela Rubio<\/h2>\n\t\t\t\t\t\t\t<div class=\"wpz-member-position\">Presentadora<\/div>\n\t\t\t\n\t\t\t\t\t\t\t<div class=\"wpz-member-bio\">\n\t\t\t\t\t<p>Licenciada en Literatura Dram\u00e1tica y Teatro por la Facultad de Filosof\u00eda y Letras, de la UNAM, su desempe\u00f1o art\u00edstico la ha llevado a festivales y muestras en M\u00e9xico, Polonia, Francia y Espa\u00f1a.<\/p>\n\t\t\t\t<\/div>\n\t\t\t\n\t\t\t<a class=\"ha-btn ha-btn--link\" href=\"https:\/\/bentemperato.com\/wp-content\/uploads\/2022\/07\/gabriela_rubio.pdf\" target=\"_blank\"><span class=\"ha-btn-text\">VER SEMBLANZA COMPLETA<\/span><\/a>\n\t\t\t\n\t\t\t\t\t<\/div>\n\t\t\t\t\t\t<\/div>\n\t\t\t\t<\/div>\n\t\t\t\t\t<\/div>\n\t\t<\/div>\n\t\t\t\t<div class=\"elementor-column elementor-col-33 elementor-top-column elementor-element elementor-element-db978ac\" data-id=\"db978ac\" data-element_type=\"column\">\n\t\t\t<div class=\"elementor-widget-wrap\">\n\t\t\t\t\t\t\t<\/div>\n\t\t<\/div>\n\t\t\t\t\t<\/div>\n\t\t<\/section>\n\t\t\t\t<section class=\"elementor-section elementor-top-section elementor-element elementor-element-9e1e0c0 elementor-section-boxed elementor-section-height-default elementor-section-height-default\" data-id=\"9e1e0c0\" data-element_type=\"section\">\n\t\t\t\t\t\t<div class=\"elementor-container elementor-column-gap-default\">\n\t\t\t\t\t<div class=\"elementor-column elementor-col-100 elementor-top-column elementor-element elementor-element-0af863f\" data-id=\"0af863f\" data-element_type=\"column\">\n\t\t\t<div class=\"elementor-widget-wrap elementor-element-populated\">\n\t\t\t\t\t\t<div class=\"elementor-element elementor-element-4aae93b elementor-widget elementor-widget-spacer\" data-id=\"4aae93b\" data-element_type=\"widget\" data-widget_type=\"spacer.default\">\n\t\t\t\t<div class=\"elementor-widget-container\">\n\t\t\t\t\t\t\t<div class=\"elementor-spacer\">\n\t\t\t<div class=\"elementor-spacer-inner\"><\/div>\n\t\t<\/div>\n\t\t\t\t\t\t<\/div>\n\t\t\t\t<\/div>\n\t\t\t\t\t<\/div>\n\t\t<\/div>\n\t\t\t\t\t<\/div>\n\t\t<\/section>\n\t\t\t\t<\/div>\n\t\t","protected":false},"excerpt":{"rendered":"<p>Ben Temperato Producciones es una empresa que mas que conciertos crea espect\u00e1culos. Cada uno de nuestros espect\u00e1culos tiene un dise\u00f1o \u00fanico, ofrecemos a nuestro publico una valiosa experiencia. Nuestra actividad &hellip; <\/p>\n<p class=\"link-more\"><a href=\"https:\/\/bentemperato.com\/index.php\/nosotros\/\" class=\"more-link\">Leer m\u00e1s<span class=\"screen-reader-text\"> \u00abNosotros\u00bb<\/span><\/a><\/p>\n","protected":false},"author":1,"featured_media":0,"parent":0,"menu_order":0,"comment_status":"closed","ping_status":"closed","template":"page-templates\/full-width-builder-bb.php","meta":{"om_disable_all_campaigns":false,"_monsterinsights_skip_tracking":false,"_monsterinsights_sitenote_active":false,"_monsterinsights_sitenote_note":"","_monsterinsights_sitenote_category":0,"_price":"","_stock":"","_tribe_ticket_header":"","_tribe_default_ticket_provider":"","_tribe_ticket_capacity":"0","_ticket_start_date":"","_ticket_end_date":"","_tribe_ticket_show_description":"","_tribe_ticket_show_not_going":false,"_tribe_ticket_use_global_stock":"","_tribe_ticket_global_stock_level":"","_global_stock_mode":"","_global_stock_cap":"","_tribe_rsvp_for_event":"","_tribe_ticket_going_count":"","_tribe_ticket_not_going_count":"","_tribe_tickets_list":"[]","_tribe_ticket_has_attendee_info_fields":false,"footnotes":"","_tec_slr_enabled":"","_tec_slr_layout":""},"class_list":["post-5592","page","type-page","status-publish","hentry"],"aioseo_notices":[],"jetpack_sharing_enabled":true,"featured_media_urls":[],"ticketed":false,"_links":{"self":[{"href":"https:\/\/bentemperato.com\/index.php\/wp-json\/wp\/v2\/pages\/5592","targetHints":{"allow":["GET"]}}],"collection":[{"href":"https:\/\/bentemperato.com\/index.php\/wp-json\/wp\/v2\/pages"}],"about":[{"href":"https:\/\/bentemperato.com\/index.php\/wp-json\/wp\/v2\/types\/page"}],"author":[{"embeddable":true,"href":"https:\/\/bentemperato.com\/index.php\/wp-json\/wp\/v2\/users\/1"}],"replies":[{"embeddable":true,"href":"https:\/\/bentemperato.com\/index.php\/wp-json\/wp\/v2\/comments?post=5592"}],"version-history":[{"count":97,"href":"https:\/\/bentemperato.com\/index.php\/wp-json\/wp\/v2\/pages\/5592\/revisions"}],"predecessor-version":[{"id":7435,"href":"https:\/\/bentemperato.com\/index.php\/wp-json\/wp\/v2\/pages\/5592\/revisions\/7435"}],"wp:attachment":[{"href":"https:\/\/bentemperato.com\/index.php\/wp-json\/wp\/v2\/media?parent=5592"}],"curies":[{"name":"wp","href":"https:\/\/api.w.org\/{rel}","templated":true}]}}